{"id":12,"date":"2016-10-14T17:10:25","date_gmt":"2016-10-14T14:10:25","guid":{"rendered":"http:\/\/iz-58-ee.vserver.zonevs.eu\/?page_id=12"},"modified":"2020-12-10T19:46:32","modified_gmt":"2020-12-10T17:46:32","slug":"kes-me-oleme","status":"publish","type":"page","link":"https:\/\/iz-58.ee\/","title":{"rendered":"Kes me oleme"},"content":{"rendered":"<p style=\"text-align: center;\"><strong>IZ-58<\/strong><\/p>\n<p style=\"text-align: center;\">M\u00f5nus tantsub\u00e4nd esitamaks hoogsat tantsumuusikat. Lugude valik 60-ndatest kuni t\u00e4nap\u00e4evani.<br \/>\nB\u00e4nd pulma, s\u00fcnnip\u00e4evale, firmapeole, suvep\u00e4evadele, pubidesse ja muudele \u00fcritustele, kus soov tantsida ja head muusikat kuulata.<br \/>\nKohtumiseni!<\/p>\n<p style=\"text-align: center;\"><img loading=\"lazy\" decoding=\"async\" class=\"alignnone wp-image-658\" src=\"http:\/\/iz-58.ee\/wp-content\/uploads\/2020\/12\/130286577_411311040072706_5551321745657358332_n-200x300.jpg\" alt=\"\" width=\"637\" height=\"956\" srcset=\"https:\/\/iz-58.ee\/wp-content\/uploads\/2020\/12\/130286577_411311040072706_5551321745657358332_n-200x300.jpg 200w, https:\/\/iz-58.ee\/wp-content\/uploads\/2020\/12\/130286577_411311040072706_5551321745657358332_n-683x1024.jpg 683w, https:\/\/iz-58.ee\/wp-content\/uploads\/2020\/12\/130286577_411311040072706_5551321745657358332_n-768x1152.jpg 768w, https:\/\/iz-58.ee\/wp-content\/uploads\/2020\/12\/130286577_411311040072706_5551321745657358332_n-1024x1536.jpg 1024w, https:\/\/iz-58.ee\/wp-content\/uploads\/2020\/12\/130286577_411311040072706_5551321745657358332_n.jpg 1365w\" sizes=\"auto, (max-width: 637px) 100vw, 637px\" \/><\/p>\n<div class=\"_50f4\" style=\"text-align: center;\"><strong>Liikmed:<\/strong><\/div>\n<div class=\"_50f4\" style=\"text-align: center;\">Ranele &#8211; vokaal<\/div>\n<div class=\"_50f4\" style=\"text-align: center;\">Mait -bass<\/div>\n<div class=\"_50f4\" style=\"text-align: center;\">Kristjan &#8211; t<wbr \/>rummid<\/div>\n<div class=\"_50f4\" style=\"text-align: center;\">Jaanus &#8211; kit<wbr \/>arr<\/div>\n<div class=\"_3-8w\" style=\"text-align: center;\"><\/div>\n<p style=\"text-align: center;\"><strong>Teie IZ-58<\/strong><\/p>\n<div class=\"_50f4\" style=\"text-align: center;\"><\/div>\n","protected":false},"excerpt":{"rendered":"<p>IZ-58 M\u00f5nus tantsub\u00e4nd esitamaks hoogsat tantsumuusikat. Lugude valik 60-ndatest kuni t\u00e4nap\u00e4evani. B\u00e4nd pulma, s\u00fcnnip\u00e4evale, firmapeole, suvep\u00e4evadele, pubidesse ja muudele \u00fcritustele, kus soov tantsida ja head muusikat kuulata. Kohtumiseni! Liikmed: Ranele &#8211; vokaal Mait -bass Kristjan &#8211; trummid Jaanus &#8211; kitarr Teie IZ-58&hellip; <a class=\"read-more\" href=\"https:\/\/iz-58.ee\/\">Read More<\/a><\/p>\n","protected":false},"author":1,"featured_media":0,"parent":2,"menu_order":0,"comment_status":"closed","ping_status":"closed","template":"","meta":{"footnotes":""},"class_list":["post-12","page","type-page","status-publish","hentry"],"_links":{"self":[{"href":"https:\/\/iz-58.ee\/index.php?rest_route=\/wp\/v2\/pages\/12","targetHints":{"allow":["GET"]}}],"collection":[{"href":"https:\/\/iz-58.ee\/index.php?rest_route=\/wp\/v2\/pages"}],"about":[{"href":"https:\/\/iz-58.ee\/index.php?rest_route=\/wp\/v2\/types\/page"}],"author":[{"embeddable":true,"href":"https:\/\/iz-58.ee\/index.php?rest_route=\/wp\/v2\/users\/1"}],"replies":[{"embeddable":true,"href":"https:\/\/iz-58.ee\/index.php?rest_route=%2Fwp%2Fv2%2Fcomments&post=12"}],"version-history":[{"count":12,"href":"https:\/\/iz-58.ee\/index.php?rest_route=\/wp\/v2\/pages\/12\/revisions"}],"predecessor-version":[{"id":687,"href":"https:\/\/iz-58.ee\/index.php?rest_route=\/wp\/v2\/pages\/12\/revisions\/687"}],"up":[{"embeddable":true,"href":"https:\/\/iz-58.ee\/index.php?rest_route=\/wp\/v2\/pages\/2"}],"wp:attachment":[{"href":"https:\/\/iz-58.ee\/index.php?rest_route=%2Fwp%2Fv2%2Fmedia&parent=12"}],"curies":[{"name":"wp","href":"https:\/\/api.w.org\/{rel}","templated":true}]}}